{"id":3228,"date":"2023-01-22T12:27:39","date_gmt":"2023-01-22T11:27:39","guid":{"rendered":"http:\/\/pacopeporteshome.com\/?post_type=product&#038;p=3228"},"modified":"2023-01-22T12:31:01","modified_gmt":"2023-01-22T11:31:01","slug":"puerta-lacada-2-cuadros-curva-1","status":"publish","type":"product","link":"https:\/\/pacopeporteshome.com\/index.php\/product\/puerta-lacada-2-cuadros-curva-1\/","title":{"rendered":"Puerta Lacada 2 Cuadros Curva 1"},"content":{"rendered":"<p>Modelo liso y tradicional de puerta lacada. Se adapta a cualquier ambiente y habitaci\u00f3n aportando elegancia y belleza. P\u00eddenos presupuesto sin compromiso de tu puerta lacada block.<\/p>\n<p>Transporte a toda Espa\u00f1a y montaje de puertas en la Comunidad Valenciana.<br \/>\nPuerta block de madera lista para instalar. Calidad garantizada.<\/p>\n<p><strong>Inclu\u00eddo en el precio:<\/strong><\/p>\n<ul>\n<li>Puerta maciza de calidad<\/li>\n<li>Cercos hasta 9 cm (sin incremento)<\/li>\n<li>Tapetas lisas de 7 cm<\/li>\n<li>Herrajes color acero inox.<\/li>\n<li>Picaporte<\/li>\n<li>Burlete<\/li>\n<\/ul>\n","protected":false},"excerpt":{"rendered":"<p>Modelo liso y tradicional de puerta lacada. Se adapta a cualquier ambiente y habitaci\u00f3n aportando elegancia y belleza. P\u00eddenos presupuesto sin compromiso de tu puerta lacada block. Transporte a toda Espa\u00f1a y montaje de puertas en la Comunidad Valenciana. Puerta block de madera lista para instalar. Calidad garantizada. Inclu\u00eddo en el precio: Puerta maciza de [&hellip;]<\/p>\n","protected":false},"featured_media":3233,"template":"","meta":[],"product_cat":[73],"product_tag":[],"_links":{"self":[{"href":"https:\/\/pacopeporteshome.com\/index.php\/wp-json\/wp\/v3\/product\/3228"}],"collection":[{"href":"https:\/\/pacopeporteshome.com\/index.php\/wp-json\/wp\/v3\/product"}],"about":[{"href":"https:\/\/pacopeporteshome.com\/index.php\/wp-json\/wp\/v2\/types\/product"}],"wp:featuredmedia":[{"embeddable":true,"href":"https:\/\/pacopeporteshome.com\/index.php\/wp-json\/wp\/v2\/media\/3233"}],"wp:attachment":[{"href":"https:\/\/pacopeporteshome.com\/index.php\/wp-json\/wp\/v2\/media?parent=3228"}],"wp:term":[{"taxonomy":"product_cat","embeddable":true,"href":"https:\/\/pacopeporteshome.com\/index.php\/wp-json\/wp\/v2\/product_cat?post=3228"},{"taxonomy":"product_tag","embeddable":true,"href":"https:\/\/pacopeporteshome.com\/index.php\/wp-json\/wp\/v2\/product_tag?post=3228"}],"curies":[{"name":"wp","href":"https:\/\/api.w.org\/{rel}","templated":true}]}}