{"id":3209,"date":"2023-01-22T11:02:13","date_gmt":"2023-01-22T10:02:13","guid":{"rendered":"http:\/\/pacopeporteshome.com\/?post_type=product&#038;p=3209"},"modified":"2023-01-22T12:38:52","modified_gmt":"2023-01-22T11:38:52","slug":"armazon-puertas-correderas","status":"publish","type":"product","link":"https:\/\/pacopeporteshome.com\/index.php\/product\/armazon-puertas-correderas\/","title":{"rendered":"Armaz\u00f3n Puertas Correderas"},"content":{"rendered":"<p>La estructura para puerta corredera empotrable permite ganar espacio y mejorar la practicidad de tus estancias. Es un sistema fiable, robusto y adaptable a las diferentes necesidades constructivas, tanto en el \u00e1mbito de la reforma como en el de nueva construcci\u00f3n, ayudando a dar un aspecto m\u00e1s di\u00e1fano y actual a tus espacios. F\u00e1cil y pr\u00e1ctico de montar.<\/p>\n<p><strong>Medidas Armazones:<\/strong><br \/>\n<img loading=\"lazy\" decoding=\"async\" class=\"alignnone size-full wp-image-3214\" src=\"http:\/\/pacopeporteshome.com\/wp-content\/uploads\/2023\/01\/Medidas-puertas-correderas.png\" alt=\"\" width=\"1098\" height=\"862\" srcset=\"https:\/\/pacopeporteshome.com\/wp-content\/uploads\/2023\/01\/Medidas-puertas-correderas.png 1098w, https:\/\/pacopeporteshome.com\/wp-content\/uploads\/2023\/01\/Medidas-puertas-correderas-300x236.png 300w, https:\/\/pacopeporteshome.com\/wp-content\/uploads\/2023\/01\/Medidas-puertas-correderas-1024x804.png 1024w, https:\/\/pacopeporteshome.com\/wp-content\/uploads\/2023\/01\/Medidas-puertas-correderas-768x603.png 768w, https:\/\/pacopeporteshome.com\/wp-content\/uploads\/2023\/01\/Medidas-puertas-correderas-675x530.png 675w, https:\/\/pacopeporteshome.com\/wp-content\/uploads\/2023\/01\/Medidas-puertas-correderas-64x50.png 64w, https:\/\/pacopeporteshome.com\/wp-content\/uploads\/2023\/01\/Medidas-puertas-correderas-500x393.png 500w\" sizes=\"(max-width: 1098px) 100vw, 1098px\" \/><\/p>\n<p>&nbsp;<\/p>\n","protected":false},"excerpt":{"rendered":"<p>La estructura para puerta corredera empotrable permite ganar espacio y mejorar la practicidad de tus estancias. Es un sistema fiable, robusto y adaptable a las diferentes necesidades constructivas, tanto en el \u00e1mbito de la reforma como en el de nueva construcci\u00f3n, ayudando a dar un aspecto m\u00e1s di\u00e1fano y actual a tus espacios. F\u00e1cil y [&hellip;]<\/p>\n","protected":false},"featured_media":3256,"template":"","meta":[],"product_cat":[15],"product_tag":[],"_links":{"self":[{"href":"https:\/\/pacopeporteshome.com\/index.php\/wp-json\/wp\/v3\/product\/3209"}],"collection":[{"href":"https:\/\/pacopeporteshome.com\/index.php\/wp-json\/wp\/v3\/product"}],"about":[{"href":"https:\/\/pacopeporteshome.com\/index.php\/wp-json\/wp\/v2\/types\/product"}],"wp:featuredmedia":[{"embeddable":true,"href":"https:\/\/pacopeporteshome.com\/index.php\/wp-json\/wp\/v2\/media\/3256"}],"wp:attachment":[{"href":"https:\/\/pacopeporteshome.com\/index.php\/wp-json\/wp\/v2\/media?parent=3209"}],"wp:term":[{"taxonomy":"product_cat","embeddable":true,"href":"https:\/\/pacopeporteshome.com\/index.php\/wp-json\/wp\/v2\/product_cat?post=3209"},{"taxonomy":"product_tag","embeddable":true,"href":"https:\/\/pacopeporteshome.com\/index.php\/wp-json\/wp\/v2\/product_tag?post=3209"}],"curies":[{"name":"wp","href":"https:\/\/api.w.org\/{rel}","templated":true}]}}