{"id":3005,"date":"2020-11-18T21:14:26","date_gmt":"2020-11-18T20:14:26","guid":{"rendered":"http:\/\/pacopeporteshome.com\/?post_type=product&#038;p=3005"},"modified":"2023-01-22T10:48:08","modified_gmt":"2023-01-22T09:48:08","slug":"puerta-madera-lisa-horizontal","status":"publish","type":"product","link":"https:\/\/pacopeporteshome.com\/index.php\/product\/puerta-madera-lisa-horizontal\/","title":{"rendered":"Puerta Madera Lisa Horizontal"},"content":{"rendered":"<p>Modelo cl\u00e1sico y tradicional de puerta de madera Block. Se adapta a cualquier ambiente y habitaci\u00f3n aportando calidez y belleza. P\u00eddenos presupuesto sin compromiso de tu puerta de madera.<\/p>\n<p>Transporte a toda Espa\u00f1a y montaje de puertas en la Comunidad Valenciana.<br \/>\nPuerta block de madera lista para instalar. Calidad garantizada.<\/p>\n<p><strong>Inclu\u00eddo en el precio:<\/strong><\/p>\n<ul>\n<li>Puerta maciza de calidad<\/li>\n<li>Cercos hasta 9 cm (sin incremento)<\/li>\n<li>Tapetas lisas de 7 cm<\/li>\n<li>Herrajes color acero inox.<\/li>\n<li>Picaporte<\/li>\n<\/ul>\n","protected":false},"excerpt":{"rendered":"<p><img loading=\"lazy\" decoding=\"async\" class=\"alignnone size-full wp-image-3093\" src=\"http:\/\/pacopeporteshome.com\/wp-content\/uploads\/2020\/11\/PRAGA-b.jpg\" alt=\"\" width=\"1440\" height=\"773\" srcset=\"https:\/\/pacopeporteshome.com\/wp-content\/uploads\/2020\/11\/PRAGA-b.jpg 1440w, https:\/\/pacopeporteshome.com\/wp-content\/uploads\/2020\/11\/PRAGA-b-300x161.jpg 300w, https:\/\/pacopeporteshome.com\/wp-content\/uploads\/2020\/11\/PRAGA-b-1024x550.jpg 1024w, https:\/\/pacopeporteshome.com\/wp-content\/uploads\/2020\/11\/PRAGA-b-768x412.jpg 768w, https:\/\/pacopeporteshome.com\/wp-content\/uploads\/2020\/11\/PRAGA-b-680x365.jpg 680w, https:\/\/pacopeporteshome.com\/wp-content\/uploads\/2020\/11\/PRAGA-b-64x34.jpg 64w, https:\/\/pacopeporteshome.com\/wp-content\/uploads\/2020\/11\/PRAGA-b-500x268.jpg 500w\" sizes=\"(max-width: 1440px) 100vw, 1440px\" \/><\/p>\n","protected":false},"featured_media":3006,"template":"","meta":[],"product_cat":[74],"product_tag":[],"_links":{"self":[{"href":"https:\/\/pacopeporteshome.com\/index.php\/wp-json\/wp\/v3\/product\/3005"}],"collection":[{"href":"https:\/\/pacopeporteshome.com\/index.php\/wp-json\/wp\/v3\/product"}],"about":[{"href":"https:\/\/pacopeporteshome.com\/index.php\/wp-json\/wp\/v2\/types\/product"}],"wp:featuredmedia":[{"embeddable":true,"href":"https:\/\/pacopeporteshome.com\/index.php\/wp-json\/wp\/v2\/media\/3006"}],"wp:attachment":[{"href":"https:\/\/pacopeporteshome.com\/index.php\/wp-json\/wp\/v2\/media?parent=3005"}],"wp:term":[{"taxonomy":"product_cat","embeddable":true,"href":"https:\/\/pacopeporteshome.com\/index.php\/wp-json\/wp\/v2\/product_cat?post=3005"},{"taxonomy":"product_tag","embeddable":true,"href":"https:\/\/pacopeporteshome.com\/index.php\/wp-json\/wp\/v2\/product_tag?post=3005"}],"curies":[{"name":"wp","href":"https:\/\/api.w.org\/{rel}","templated":true}]}}