{"id":2853,"date":"2020-02-22T18:01:26","date_gmt":"2020-02-22T17:01:26","guid":{"rendered":"http:\/\/pacopeporteshome.com\/?post_type=product&#038;p=2853"},"modified":"2022-12-20T11:55:58","modified_gmt":"2022-12-20T10:55:58","slug":"puerta-lacada-4rh","status":"publish","type":"product","link":"https:\/\/pacopeporteshome.com\/index.php\/product\/puerta-lacada-4rh\/","title":{"rendered":"Puerta Lacada 4RH"},"content":{"rendered":"<p>Modelo liso y tradicional de puerta lacada. Se adapta a cualquier ambiente y habitaci\u00f3n aportando elegancia y belleza. P\u00eddenos presupuesto sin compromiso de tu puerta lacada block.<\/p>\n<p>Transporte a toda Espa\u00f1a y montaje de puertas en la Comunidad Valenciana.<br \/>\nPuerta block de madera lista para instalar. Calidad garantizada.<\/p>\n<p><strong>Inclu\u00eddo en el precio:<\/strong><\/p>\n<ul>\n<li>Puerta maciza de calidad<\/li>\n<li>Cercos hasta 9 cm (sin incremento)<\/li>\n<li>Tapetas lisas de 7 cm<\/li>\n<li>Herrajes color acero inox.<\/li>\n<li>Picaporte<\/li>\n<\/ul>\n","protected":false},"excerpt":{"rendered":"<p><img loading=\"lazy\" decoding=\"async\" class=\"alignnone size-full wp-image-2854\" src=\"http:\/\/pacopeporteshome.com\/wp-content\/uploads\/2020\/02\/vinci-b.jpg\" alt=\"\" width=\"1612\" height=\"732\" srcset=\"https:\/\/pacopeporteshome.com\/wp-content\/uploads\/2020\/02\/vinci-b.jpg 1612w, https:\/\/pacopeporteshome.com\/wp-content\/uploads\/2020\/02\/vinci-b-300x136.jpg 300w, https:\/\/pacopeporteshome.com\/wp-content\/uploads\/2020\/02\/vinci-b-768x349.jpg 768w, https:\/\/pacopeporteshome.com\/wp-content\/uploads\/2020\/02\/vinci-b-1024x465.jpg 1024w, https:\/\/pacopeporteshome.com\/wp-content\/uploads\/2020\/02\/vinci-b-680x309.jpg 680w, https:\/\/pacopeporteshome.com\/wp-content\/uploads\/2020\/02\/vinci-b-64x29.jpg 64w, https:\/\/pacopeporteshome.com\/wp-content\/uploads\/2020\/02\/vinci-b-500x227.jpg 500w\" sizes=\"(max-width: 1612px) 100vw, 1612px\" \/><\/p>\n<p>Modelo liso y tradicional de puerta lacada. Se adapta a cualquier ambiente y habitaci\u00f3n aportando elegancia y belleza. P\u00eddenos presupuesto sin compromiso de tu puerta lacada block.Transporte a toda Espa\u00f1a y montaje de puertas en la Comunidad Valenciana.<br \/>\nPuerta block de madera lista para instalar. Calidad garantizada.<\/p>\n","protected":false},"featured_media":3073,"template":"","meta":[],"product_cat":[73],"product_tag":[],"_links":{"self":[{"href":"https:\/\/pacopeporteshome.com\/index.php\/wp-json\/wp\/v3\/product\/2853"}],"collection":[{"href":"https:\/\/pacopeporteshome.com\/index.php\/wp-json\/wp\/v3\/product"}],"about":[{"href":"https:\/\/pacopeporteshome.com\/index.php\/wp-json\/wp\/v2\/types\/product"}],"wp:featuredmedia":[{"embeddable":true,"href":"https:\/\/pacopeporteshome.com\/index.php\/wp-json\/wp\/v2\/media\/3073"}],"wp:attachment":[{"href":"https:\/\/pacopeporteshome.com\/index.php\/wp-json\/wp\/v2\/media?parent=2853"}],"wp:term":[{"taxonomy":"product_cat","embeddable":true,"href":"https:\/\/pacopeporteshome.com\/index.php\/wp-json\/wp\/v2\/product_cat?post=2853"},{"taxonomy":"product_tag","embeddable":true,"href":"https:\/\/pacopeporteshome.com\/index.php\/wp-json\/wp\/v2\/product_tag?post=2853"}],"curies":[{"name":"wp","href":"https:\/\/api.w.org\/{rel}","templated":true}]}}