{"id":2739,"date":"2016-08-27T03:23:19","date_gmt":"2016-08-27T01:23:19","guid":{"rendered":"http:\/\/demo.snstheme.com\/wp\/anton\/?page_id=2"},"modified":"2020-02-23T13:27:34","modified_gmt":"2020-02-23T12:27:34","slug":"catalogo","status":"publish","type":"page","link":"https:\/\/pacopeporteshome.com\/index.php\/catalogo\/","title":{"rendered":"Comprar Puertas Online"},"content":{"rendered":"<p style=\"text-align: left;\">Gran cantidad de estilos, colores y acabados&#8230; sea cual sea la puerta que est\u00e1 buscando, encontrar\u00e1s aquella que encaje a tus necesidades.<\/p>\n<h1>\u00a1Comprar puertas online nunca fue tan f\u00e1cil!<\/h1>\n\n\n<p>Ap\u00fantate a la \u00faltima tendencia en decoraci\u00f3n. Puertas macizas de DM, con lacado de alta calidad. Ideales para combinar.<\/p>\n\n\n\n<p><\/p>\n\n\n\n<div style=\"height:20px\" aria-hidden=\"true\" class=\"wp-block-spacer\"><\/div>\n\n\n\n<div class=\"wp-block-button aligncenter is-style-default\"><a class=\"wp-block-button__link\">Descargar cat\u00e1logo<\/a><\/div>\n\n\n\n<div style=\"height:22px\" aria-hidden=\"true\" class=\"wp-block-spacer\"><\/div>\n\n\n\n<p><\/p>\n","protected":false},"excerpt":{"rendered":"<p>Gran cantidad de estilos, colores y acabados&#8230; sea cual sea la puerta que est\u00e1 buscando, encontrar\u00e1s aquella que encaje a tus necesidades. \u00a1Comprar puertas online nunca fue tan f\u00e1cil! Ap\u00fantate a la \u00faltima tendencia en decoraci\u00f3n. Puertas macizas de DM, con lacado de alta calidad. Ideales para combinar.<\/p>\n","protected":false},"author":1,"featured_media":2893,"parent":0,"menu_order":0,"comment_status":"closed","ping_status":"closed","template":"","meta":{"footnotes":""},"_links":{"self":[{"href":"https:\/\/pacopeporteshome.com\/index.php\/wp-json\/wp\/v2\/pages\/2739"}],"collection":[{"href":"https:\/\/pacopeporteshome.com\/index.php\/wp-json\/wp\/v2\/pages"}],"about":[{"href":"https:\/\/pacopeporteshome.com\/index.php\/wp-json\/wp\/v2\/types\/page"}],"author":[{"embeddable":true,"href":"https:\/\/pacopeporteshome.com\/index.php\/wp-json\/wp\/v2\/users\/1"}],"replies":[{"embeddable":true,"href":"https:\/\/pacopeporteshome.com\/index.php\/wp-json\/wp\/v2\/comments?post=2739"}],"version-history":[{"count":8,"href":"https:\/\/pacopeporteshome.com\/index.php\/wp-json\/wp\/v2\/pages\/2739\/revisions"}],"predecessor-version":[{"id":2950,"href":"https:\/\/pacopeporteshome.com\/index.php\/wp-json\/wp\/v2\/pages\/2739\/revisions\/2950"}],"wp:featuredmedia":[{"embeddable":true,"href":"https:\/\/pacopeporteshome.com\/index.php\/wp-json\/wp\/v2\/media\/2893"}],"wp:attachment":[{"href":"https:\/\/pacopeporteshome.com\/index.php\/wp-json\/wp\/v2\/media?parent=2739"}],"curies":[{"name":"wp","href":"https:\/\/api.w.org\/{rel}","templated":true}]}}